{"id":41,"date":"2023-01-10T21:02:51","date_gmt":"2023-01-10T20:02:51","guid":{"rendered":"https:\/\/odh.izba-lekarska.org.pl\/?page_id=41"},"modified":"2024-08-19T12:04:32","modified_gmt":"2024-08-19T10:04:32","slug":"apteka","status":"publish","type":"page","link":"https:\/\/odh.izba-lekarska.org.pl\/?page_id=41","title":{"rendered":"Apteka"},"content":{"rendered":"\n<div style=\"height:35px\" aria-hidden=\"true\" class=\"wp-block-spacer\"><\/div>\n\n\n<div class=\"display-posts-listing image-left\"><div class=\"listing-item\"><a class=\"image\" href=\"https:\/\/odh.izba-lekarska.org.pl\/?p=2123\"><img decoding=\"async\" width=\"150\" height=\"150\" src=\"https:\/\/odh.izba-lekarska.org.pl\/wp-content\/uploads\/2024\/02\/nggallery_import\/6C1A1412-150x150.jpg\" class=\"attachment-thumbnail size-thumbnail wp-post-image\" alt=\"\" \/><\/a> <a class=\"title\" href=\"https:\/\/odh.izba-lekarska.org.pl\/?p=2123\">Farmaceutyczne Zak\u0142ady Przemys\u0142owo &#8211; Handlowe Mgr A. Bukowski,                                                      ul. Marsza\u0142kowska 54 , Warszawa<\/a><\/div><div class=\"listing-item\"><a class=\"image\" href=\"https:\/\/odh.izba-lekarska.org.pl\/?p=2104\"><img decoding=\"async\" width=\"150\" height=\"150\" src=\"https:\/\/odh.izba-lekarska.org.pl\/wp-content\/uploads\/2024\/02\/nggallery_import\/6C1A1334-Edytuj-150x150.jpg\" class=\"attachment-thumbnail size-thumbnail wp-post-image\" alt=\"\" \/><\/a> <a class=\"title\" href=\"https:\/\/odh.izba-lekarska.org.pl\/?p=2104\">Zak\u0142ady Chemiczno-Farmaceutyczne Warszawskie Towarzystwo Akcyjne \u201cMotor\u201d S.A.<\/a><\/div><div class=\"listing-item\"><a class=\"image\" href=\"https:\/\/odh.izba-lekarska.org.pl\/?p=2082\"><img decoding=\"async\" width=\"150\" height=\"150\" src=\"https:\/\/odh.izba-lekarska.org.pl\/wp-content\/uploads\/2024\/02\/nggallery_import\/6C1A1376-Edytuj-150x150.jpg\" class=\"attachment-thumbnail size-thumbnail wp-post-image\" alt=\"\" \/><\/a> <a class=\"title\" href=\"https:\/\/odh.izba-lekarska.org.pl\/?p=2082\">Chemiczno-Farmaceutyczne Zak\u0142ady Przemys\u0142owe Fr. Karpi\u0144ski &#8211; Sp\u00f3\u0142ka Akcyjna                     w Warszawie<\/a><\/div><div class=\"listing-item\"><a class=\"image\" href=\"https:\/\/odh.izba-lekarska.org.pl\/?p=2070\"><img decoding=\"async\" width=\"150\" height=\"150\" src=\"https:\/\/odh.izba-lekarska.org.pl\/wp-content\/uploads\/2024\/02\/nggallery_import\/6C1A1444-150x150.jpg\" class=\"attachment-thumbnail size-thumbnail wp-post-image\" alt=\"\" \/><\/a> <a class=\"title\" href=\"https:\/\/odh.izba-lekarska.org.pl\/?p=2070\">Zak\u0142ady Przemys\u0142owo-Handlowe                                               Dr Farm. K. Wenda<\/a><\/div><div class=\"listing-item\"><a class=\"image\" href=\"https:\/\/odh.izba-lekarska.org.pl\/?p=2059\"><img decoding=\"async\" width=\"150\" height=\"150\" src=\"https:\/\/odh.izba-lekarska.org.pl\/wp-content\/uploads\/2024\/02\/nggallery_import\/6C1A1314-Edytuj-150x150.jpg\" class=\"attachment-thumbnail size-thumbnail wp-post-image\" alt=\"\" \/><\/a> <a class=\"title\" href=\"https:\/\/odh.izba-lekarska.org.pl\/?p=2059\">Towarzystwo Chemiczno-Farmaceutyczne                      d. Mgr Klawe S.A.<\/a><\/div><div class=\"listing-item\"><a class=\"image\" href=\"https:\/\/odh.izba-lekarska.org.pl\/?p=2037\"><img decoding=\"async\" width=\"150\" height=\"150\" src=\"https:\/\/odh.izba-lekarska.org.pl\/wp-content\/uploads\/2024\/02\/nggallery_import\/2-6C1A1351-Edytuj-150x150.jpg\" class=\"attachment-thumbnail size-thumbnail wp-post-image\" alt=\"\" \/><\/a> <a class=\"title\" href=\"https:\/\/odh.izba-lekarska.org.pl\/?p=2037\">R. Barcikowski Sp. Akcyjna<\/a><\/div><div class=\"listing-item\"><a class=\"image\" href=\"https:\/\/odh.izba-lekarska.org.pl\/?p=2026\"><img decoding=\"async\" width=\"150\" height=\"150\" src=\"https:\/\/odh.izba-lekarska.org.pl\/wp-content\/uploads\/2024\/02\/nggallery_import\/6C1A1365-150x150.jpg\" class=\"attachment-thumbnail size-thumbnail wp-post-image\" alt=\"\" \/><\/a> <a class=\"title\" href=\"https:\/\/odh.izba-lekarska.org.pl\/?p=2026\">Mokotowska Fabryka Chemiczno-Farmaceutyczna  &#8222;Adolf G\u0105secki i Synowie&#8221;                 Sp. Akc.<\/a><\/div><div class=\"listing-item\"><a class=\"image\" href=\"https:\/\/odh.izba-lekarska.org.pl\/?p=1982\"><img decoding=\"async\" width=\"150\" height=\"150\" src=\"https:\/\/odh.izba-lekarska.org.pl\/wp-content\/uploads\/2024\/02\/nggallery_import\/6C1A1391-Edytuj-150x150.jpg\" class=\"attachment-thumbnail size-thumbnail wp-post-image\" alt=\"\" \/><\/a> <a class=\"title\" href=\"https:\/\/odh.izba-lekarska.org.pl\/?p=1982\">Przemys\u0142owo-Handlowe Zak\u0142ady Chemiczne \u201eLudwik Spiess i Syn\u201d SA w Warszawie<\/a><\/div><div class=\"listing-item\"><a class=\"image\" href=\"https:\/\/odh.izba-lekarska.org.pl\/?p=1952\"><img decoding=\"async\" width=\"150\" height=\"150\" src=\"https:\/\/odh.izba-lekarska.org.pl\/wp-content\/uploads\/2024\/02\/nggallery_import\/6C1A1433-150x150.jpg\" class=\"attachment-thumbnail size-thumbnail wp-post-image\" alt=\"\" \/><\/a> <a class=\"title\" href=\"https:\/\/odh.izba-lekarska.org.pl\/?p=1952\">Fabryka Chemiczno &#8211; Farmaceutyczna                        \u201eAp. Kowalski&#8221; Warszawa 1 ul. Sienna 39<\/a><\/div><div class=\"listing-item\"><a class=\"image\" href=\"https:\/\/odh.izba-lekarska.org.pl\/?p=1551\"><img decoding=\"async\" width=\"150\" height=\"150\" src=\"https:\/\/odh.izba-lekarska.org.pl\/wp-content\/uploads\/2023\/08\/nggallery_import\/6C1A5143-150x150.jpg\" class=\"attachment-thumbnail size-thumbnail wp-post-image\" alt=\"\" \/><\/a> <a class=\"title\" href=\"https:\/\/odh.izba-lekarska.org.pl\/?p=1551\">Porcelana w aptece<\/a><\/div><div class=\"listing-item\"><a class=\"image\" href=\"https:\/\/odh.izba-lekarska.org.pl\/?p=1535\"><img decoding=\"async\" width=\"150\" height=\"150\" src=\"https:\/\/odh.izba-lekarska.org.pl\/wp-content\/uploads\/2023\/08\/nggallery_import\/6C1A5126-150x150.jpg\" class=\"attachment-thumbnail size-thumbnail wp-post-image\" alt=\"\" \/><\/a> <a class=\"title\" href=\"https:\/\/odh.izba-lekarska.org.pl\/?p=1535\">Apteka w Radomy\u015blu i Warszawie<\/a><\/div><div class=\"listing-item\"><a class=\"image\" href=\"https:\/\/odh.izba-lekarska.org.pl\/?p=1501\"><img decoding=\"async\" width=\"150\" height=\"150\" src=\"https:\/\/odh.izba-lekarska.org.pl\/wp-content\/uploads\/2023\/08\/nggallery_import\/6C1A5111-150x150.jpg\" class=\"attachment-thumbnail size-thumbnail wp-post-image\" alt=\"\" \/><\/a> <a class=\"title\" href=\"https:\/\/odh.izba-lekarska.org.pl\/?p=1501\">Porcelanowe pojemniki na ma\u015b\u0107 lub krem<\/a><\/div><div class=\"listing-item\"><a class=\"image\" href=\"https:\/\/odh.izba-lekarska.org.pl\/?p=1486\"><img decoding=\"async\" width=\"150\" height=\"150\" src=\"https:\/\/odh.izba-lekarska.org.pl\/wp-content\/uploads\/2023\/08\/nggallery_import\/6C1A5019-150x150.jpg\" class=\"attachment-thumbnail size-thumbnail wp-post-image\" alt=\"\" \/><\/a> <a class=\"title\" href=\"https:\/\/odh.izba-lekarska.org.pl\/?p=1486\">Pojemniki apteczne<\/a><\/div><div class=\"listing-item\"><a class=\"image\" href=\"https:\/\/odh.izba-lekarska.org.pl\/?p=1433\"><img decoding=\"async\" width=\"150\" height=\"150\" src=\"https:\/\/odh.izba-lekarska.org.pl\/wp-content\/uploads\/2023\/08\/nggallery_import\/6C1A5059-150x150.jpg\" class=\"attachment-thumbnail size-thumbnail wp-post-image\" alt=\"\" \/><\/a> <a class=\"title\" href=\"https:\/\/odh.izba-lekarska.org.pl\/?p=1433\">Przylepiec kauczukowy<\/a><\/div><div class=\"listing-item\"><a class=\"image\" href=\"https:\/\/odh.izba-lekarska.org.pl\/?p=1407\"><img decoding=\"async\" width=\"150\" height=\"150\" src=\"https:\/\/odh.izba-lekarska.org.pl\/wp-content\/uploads\/2023\/08\/nggallery_import\/6C1A5043-150x150.jpg\" class=\"attachment-thumbnail size-thumbnail wp-post-image\" alt=\"\" \/><\/a> <a class=\"title\" href=\"https:\/\/odh.izba-lekarska.org.pl\/?p=1407\">Puszki po lekach<\/a><\/div><div class=\"listing-item\"><a class=\"image\" href=\"https:\/\/odh.izba-lekarska.org.pl\/?p=1380\"><img decoding=\"async\" width=\"150\" height=\"150\" src=\"https:\/\/odh.izba-lekarska.org.pl\/wp-content\/uploads\/2023\/08\/nggallery_import\/6C1A5025-150x150.jpg\" class=\"attachment-thumbnail size-thumbnail wp-post-image\" alt=\"\" \/><\/a> <a class=\"title\" href=\"https:\/\/odh.izba-lekarska.org.pl\/?p=1380\">&#8222;Marien Apotheka&#8221; w Zabrzu<\/a><\/div><div class=\"listing-item\"><a class=\"image\" href=\"https:\/\/odh.izba-lekarska.org.pl\/?p=330\"><img decoding=\"async\" width=\"150\" height=\"150\" src=\"https:\/\/odh.izba-lekarska.org.pl\/wp-content\/uploads\/2023\/06\/Obraz4-150x150.jpg\" class=\"attachment-thumbnail size-thumbnail wp-post-image\" alt=\"\" \/><\/a> <a class=\"title\" href=\"https:\/\/odh.izba-lekarska.org.pl\/?p=330\">Blaszana puszka cylindryczna<\/a><\/div><\/div>\n","protected":false},"excerpt":{"rendered":"","protected":false},"author":1,"featured_media":0,"parent":37,"menu_order":0,"comment_status":"closed","ping_status":"closed","template":"","meta":{"_monsterinsights_skip_tracking":false,"_monsterinsights_sitenote_active":false,"_monsterinsights_sitenote_note":"","_monsterinsights_sitenote_category":0,"ngg_post_thumbnail":0,"footnotes":""},"class_list":["post-41","page","type-page","status-publish","hentry"],"aioseo_notices":[],"_links":{"self":[{"href":"https:\/\/odh.izba-lekarska.org.pl\/index.php?rest_route=\/wp\/v2\/pages\/41","targetHints":{"allow":["GET"]}}],"collection":[{"href":"https:\/\/odh.izba-lekarska.org.pl\/index.php?rest_route=\/wp\/v2\/pages"}],"about":[{"href":"https:\/\/odh.izba-lekarska.org.pl\/index.php?rest_route=\/wp\/v2\/types\/page"}],"author":[{"embeddable":true,"href":"https:\/\/odh.izba-lekarska.org.pl\/index.php?rest_route=\/wp\/v2\/users\/1"}],"replies":[{"embeddable":true,"href":"https:\/\/odh.izba-lekarska.org.pl\/index.php?rest_route=%2Fwp%2Fv2%2Fcomments&post=41"}],"version-history":[{"count":5,"href":"https:\/\/odh.izba-lekarska.org.pl\/index.php?rest_route=\/wp\/v2\/pages\/41\/revisions"}],"predecessor-version":[{"id":2771,"href":"https:\/\/odh.izba-lekarska.org.pl\/index.php?rest_route=\/wp\/v2\/pages\/41\/revisions\/2771"}],"up":[{"embeddable":true,"href":"https:\/\/odh.izba-lekarska.org.pl\/index.php?rest_route=\/wp\/v2\/pages\/37"}],"wp:attachment":[{"href":"https:\/\/odh.izba-lekarska.org.pl\/index.php?rest_route=%2Fwp%2Fv2%2Fmedia&parent=41"}],"curies":[{"name":"wp","href":"https:\/\/api.w.org\/{rel}","templated":true}]}}