{"id":1848,"date":"2023-10-17T09:26:58","date_gmt":"2023-10-17T07:26:58","guid":{"rendered":"https:\/\/odh.izba-lekarska.org.pl\/?page_id=1848"},"modified":"2023-10-17T10:07:40","modified_gmt":"2023-10-17T08:07:40","slug":"polskie-szpitale","status":"publish","type":"page","link":"https:\/\/odh.izba-lekarska.org.pl\/?page_id=1848","title":{"rendered":"Polskie szpitale"},"content":{"rendered":"<div class=\"display-posts-listing image-left\"><div class=\"listing-item\"><a class=\"image\" href=\"https:\/\/odh.izba-lekarska.org.pl\/?p=1771\"><img decoding=\"async\" width=\"150\" height=\"150\" src=\"https:\/\/odh.izba-lekarska.org.pl\/wp-content\/uploads\/2023\/10\/nggallery_import\/6C1A2701-150x150.jpg\" class=\"attachment-thumbnail size-thumbnail wp-post-image\" alt=\"\" \/><\/a> <a class=\"title\" href=\"https:\/\/odh.izba-lekarska.org.pl\/?p=1771\">113. Szpital Wojskowy w Grudzi\u0105dzu<\/a><\/div><div class=\"listing-item\"><a class=\"image\" href=\"https:\/\/odh.izba-lekarska.org.pl\/?p=1749\"><img decoding=\"async\" width=\"150\" height=\"150\" src=\"https:\/\/odh.izba-lekarska.org.pl\/wp-content\/uploads\/2023\/09\/nggallery_import\/6C1A2694-150x150.jpg\" class=\"attachment-thumbnail size-thumbnail wp-post-image\" alt=\"\" \/><\/a> <a class=\"title\" href=\"https:\/\/odh.izba-lekarska.org.pl\/?p=1749\">Wojskowy Szpital Kliniczny w Krakowie<\/a><\/div><div class=\"listing-item\"><a class=\"image\" href=\"https:\/\/odh.izba-lekarska.org.pl\/?p=1743\"><img decoding=\"async\" width=\"150\" height=\"150\" src=\"https:\/\/odh.izba-lekarska.org.pl\/wp-content\/uploads\/2023\/09\/nggallery_import\/6C1A2692-150x150.jpg\" class=\"attachment-thumbnail size-thumbnail wp-post-image\" alt=\"\" \/><\/a> <a class=\"title\" href=\"https:\/\/odh.izba-lekarska.org.pl\/?p=1743\">Wojskowy Szpital Uzdrowiskowy w Ciechocinku<\/a><\/div><div class=\"listing-item\"><a class=\"image\" href=\"https:\/\/odh.izba-lekarska.org.pl\/?p=1737\"><img decoding=\"async\" width=\"150\" height=\"150\" src=\"https:\/\/odh.izba-lekarska.org.pl\/wp-content\/uploads\/2023\/09\/nggallery_import\/6C1A2690-150x150.jpg\" class=\"attachment-thumbnail size-thumbnail wp-post-image\" alt=\"\" \/><\/a> <a class=\"title\" href=\"https:\/\/odh.izba-lekarska.org.pl\/?p=1737\">7. Szpital Marynarki Wojennej<\/a><\/div><div class=\"listing-item\"><a class=\"image\" href=\"https:\/\/odh.izba-lekarska.org.pl\/?p=1731\"><img decoding=\"async\" width=\"150\" height=\"150\" src=\"https:\/\/odh.izba-lekarska.org.pl\/wp-content\/uploads\/2023\/09\/nggallery_import\/6C1A2688-150x150.jpg\" class=\"attachment-thumbnail size-thumbnail wp-post-image\" alt=\"\" \/><\/a> <a class=\"title\" href=\"https:\/\/odh.izba-lekarska.org.pl\/?p=1731\">Szpital Garnizonowy<\/a><\/div><div class=\"listing-item\"><a class=\"image\" href=\"https:\/\/odh.izba-lekarska.org.pl\/?p=1725\"><img decoding=\"async\" width=\"150\" height=\"150\" src=\"https:\/\/odh.izba-lekarska.org.pl\/wp-content\/uploads\/2023\/09\/nggallery_import\/6C1A2686-150x150.jpg\" class=\"attachment-thumbnail size-thumbnail wp-post-image\" alt=\"\" \/><\/a> <a class=\"title\" href=\"https:\/\/odh.izba-lekarska.org.pl\/?p=1725\">Szpital Wojskowy w Opolu<\/a><\/div><div class=\"listing-item\"><a class=\"image\" href=\"https:\/\/odh.izba-lekarska.org.pl\/?p=1719\"><img decoding=\"async\" width=\"150\" height=\"150\" src=\"https:\/\/odh.izba-lekarska.org.pl\/wp-content\/uploads\/2023\/09\/nggallery_import\/6C1A2684-150x150.jpg\" class=\"attachment-thumbnail size-thumbnail wp-post-image\" alt=\"\" \/><\/a> <a class=\"title\" href=\"https:\/\/odh.izba-lekarska.org.pl\/?p=1719\">4 Wojskowy Szpital Kliniczny we Wroc\u0142awiu<\/a><\/div><div class=\"listing-item\"><a class=\"image\" href=\"https:\/\/odh.izba-lekarska.org.pl\/?p=1676\"><img decoding=\"async\" width=\"150\" height=\"150\" src=\"https:\/\/odh.izba-lekarska.org.pl\/wp-content\/uploads\/2023\/09\/nggallery_import\/6C1A2670-150x150.jpg\" class=\"attachment-thumbnail size-thumbnail wp-post-image\" alt=\"\" \/><\/a> <a class=\"title\" href=\"https:\/\/odh.izba-lekarska.org.pl\/?p=1676\">Centralny Szpital Kliniczny Wojskowej Akademii Medycznej w Warszawie<\/a><\/div><div class=\"listing-item\"><a class=\"image\" href=\"https:\/\/odh.izba-lekarska.org.pl\/?p=1369\"><img decoding=\"async\" width=\"150\" height=\"150\" src=\"https:\/\/odh.izba-lekarska.org.pl\/wp-content\/uploads\/2023\/08\/nggallery_import\/6C1A2575-150x150.jpg\" class=\"attachment-thumbnail size-thumbnail wp-post-image\" alt=\"\" \/><\/a> <a class=\"title\" href=\"https:\/\/odh.izba-lekarska.org.pl\/?p=1369\">Centrum Leczenia Oparze\u0144 w Siemianowicach \u015al\u0105skich<\/a><\/div><div class=\"listing-item\"><a class=\"image\" href=\"https:\/\/odh.izba-lekarska.org.pl\/?p=1363\"><img decoding=\"async\" width=\"150\" height=\"150\" src=\"https:\/\/odh.izba-lekarska.org.pl\/wp-content\/uploads\/2023\/08\/nggallery_import\/6C1A2574-150x150.jpg\" class=\"attachment-thumbnail size-thumbnail wp-post-image\" alt=\"\" \/><\/a> <a class=\"title\" href=\"https:\/\/odh.izba-lekarska.org.pl\/?p=1363\">Szpital Psychiatryczny w Rybniku<\/a><\/div><nav class=\"display-posts-pagination\" role=\"navigation\"><h2 class=\"screen-reader-text\">Navigation<\/h2><div class=\"nav-links\"><span aria-current=\"page\" class=\"page-numbers current\">1<\/span>\n<a class=\"page-numbers\" href=\"https:\/\/odh.izba-lekarska.org.pl\/?dps_paged_3=2&#038;rest_route=%2Fwp%2Fv2%2Fpages%2F1848\">2<\/a>\n<a class=\"page-numbers\" href=\"https:\/\/odh.izba-lekarska.org.pl\/?dps_paged_3=3&#038;rest_route=%2Fwp%2Fv2%2Fpages%2F1848\">3<\/a>\n<a class=\"next page-numbers\" href=\"https:\/\/odh.izba-lekarska.org.pl\/?dps_paged_3=2&#038;rest_route=%2Fwp%2Fv2%2Fpages%2F1848\">Next<\/a><\/div><\/nav><\/div>\n","protected":false},"excerpt":{"rendered":"","protected":false},"author":1,"featured_media":0,"parent":19,"menu_order":0,"comment_status":"closed","ping_status":"closed","template":"","meta":{"_monsterinsights_skip_tracking":false,"_monsterinsights_sitenote_active":false,"_monsterinsights_sitenote_note":"","_monsterinsights_sitenote_category":0,"ngg_post_thumbnail":0,"footnotes":""},"class_list":["post-1848","page","type-page","status-publish","hentry"],"aioseo_notices":[],"_links":{"self":[{"href":"https:\/\/odh.izba-lekarska.org.pl\/index.php?rest_route=\/wp\/v2\/pages\/1848","targetHints":{"allow":["GET"]}}],"collection":[{"href":"https:\/\/odh.izba-lekarska.org.pl\/index.php?rest_route=\/wp\/v2\/pages"}],"about":[{"href":"https:\/\/odh.izba-lekarska.org.pl\/index.php?rest_route=\/wp\/v2\/types\/page"}],"author":[{"embeddable":true,"href":"https:\/\/odh.izba-lekarska.org.pl\/index.php?rest_route=\/wp\/v2\/users\/1"}],"replies":[{"embeddable":true,"href":"https:\/\/odh.izba-lekarska.org.pl\/index.php?rest_route=%2Fwp%2Fv2%2Fcomments&post=1848"}],"version-history":[{"count":2,"href":"https:\/\/odh.izba-lekarska.org.pl\/index.php?rest_route=\/wp\/v2\/pages\/1848\/revisions"}],"predecessor-version":[{"id":1923,"href":"https:\/\/odh.izba-lekarska.org.pl\/index.php?rest_route=\/wp\/v2\/pages\/1848\/revisions\/1923"}],"up":[{"embeddable":true,"href":"https:\/\/odh.izba-lekarska.org.pl\/index.php?rest_route=\/wp\/v2\/pages\/19"}],"wp:attachment":[{"href":"https:\/\/odh.izba-lekarska.org.pl\/index.php?rest_route=%2Fwp%2Fv2%2Fmedia&parent=1848"}],"curies":[{"name":"wp","href":"https:\/\/api.w.org\/{rel}","templated":true}]}}