{"id":1846,"date":"2023-10-17T09:26:44","date_gmt":"2023-10-17T07:26:44","guid":{"rendered":"https:\/\/odh.izba-lekarska.org.pl\/?page_id=1846"},"modified":"2023-10-17T10:08:43","modified_gmt":"2023-10-17T08:08:43","slug":"towarzystwa-lekarskie","status":"publish","type":"page","link":"https:\/\/odh.izba-lekarska.org.pl\/?page_id=1846","title":{"rendered":"Towarzystwa lekarskie"},"content":{"rendered":"<div class=\"display-posts-listing image-left\"><div class=\"listing-item\"><a class=\"image\" href=\"https:\/\/odh.izba-lekarska.org.pl\/?p=2269\"><img decoding=\"async\" width=\"150\" height=\"150\" src=\"https:\/\/odh.izba-lekarska.org.pl\/wp-content\/uploads\/2024\/05\/nggallery_import\/6C1A2760-150x150.jpg\" class=\"attachment-thumbnail size-thumbnail wp-post-image\" alt=\"\" \/><\/a> <a class=\"title\" href=\"https:\/\/odh.izba-lekarska.org.pl\/?p=2269\">W\u0142adys\u0142aw Biega\u0144ski (1857 &#8211; 1917)<\/a><\/div><div class=\"listing-item\"><a class=\"image\" href=\"https:\/\/odh.izba-lekarska.org.pl\/?p=2151\"><img decoding=\"async\" width=\"150\" height=\"150\" src=\"https:\/\/odh.izba-lekarska.org.pl\/wp-content\/uploads\/2024\/03\/nggallery_import\/6C1A2736-150x150.jpg\" class=\"attachment-thumbnail size-thumbnail wp-post-image\" alt=\"\" \/><\/a> <a class=\"title\" href=\"https:\/\/odh.izba-lekarska.org.pl\/?p=2151\">Polskie Towarzystwo Ginekologiczne<\/a><\/div><div class=\"listing-item\"><a class=\"image\" href=\"https:\/\/odh.izba-lekarska.org.pl\/?p=2144\"><img decoding=\"async\" width=\"150\" height=\"150\" src=\"https:\/\/odh.izba-lekarska.org.pl\/wp-content\/uploads\/2024\/03\/nggallery_import\/6C1A2734-150x150.jpg\" class=\"attachment-thumbnail size-thumbnail wp-post-image\" alt=\"\" \/><\/a> <a class=\"title\" href=\"https:\/\/odh.izba-lekarska.org.pl\/?p=2144\">Towarzystwo Internist\u00f3w Polskich<\/a><\/div><div class=\"listing-item\"><a class=\"image\" href=\"https:\/\/odh.izba-lekarska.org.pl\/?p=2136\"><img decoding=\"async\" width=\"150\" height=\"150\" src=\"https:\/\/odh.izba-lekarska.org.pl\/wp-content\/uploads\/2024\/03\/nggallery_import\/6C1A2732-150x150.jpg\" class=\"attachment-thumbnail size-thumbnail wp-post-image\" alt=\"\" \/><\/a> <a class=\"title\" href=\"https:\/\/odh.izba-lekarska.org.pl\/?p=2136\">80 lat Towarzystwa Internist\u00f3w Polskich<\/a><\/div><div class=\"listing-item\"><a class=\"image\" href=\"https:\/\/odh.izba-lekarska.org.pl\/?p=1945\"><img decoding=\"async\" width=\"150\" height=\"150\" src=\"https:\/\/odh.izba-lekarska.org.pl\/wp-content\/uploads\/2023\/10\/nggallery_import\/6C1A2728-150x150.jpg\" class=\"attachment-thumbnail size-thumbnail wp-post-image\" alt=\"\" \/><\/a> <a class=\"title\" href=\"https:\/\/odh.izba-lekarska.org.pl\/?p=1945\">Polskie Towarzystwo Kardiologiczne, 1986 r.<\/a><\/div><div class=\"listing-item\"><a class=\"image\" href=\"https:\/\/odh.izba-lekarska.org.pl\/?p=1823\"><img decoding=\"async\" width=\"150\" height=\"150\" src=\"https:\/\/odh.izba-lekarska.org.pl\/wp-content\/uploads\/2023\/10\/nggallery_import\/6C1A2727-150x150.jpg\" class=\"attachment-thumbnail size-thumbnail wp-post-image\" alt=\"\" \/><\/a> <a class=\"title\" href=\"https:\/\/odh.izba-lekarska.org.pl\/?p=1823\">25 lat Polskiego Towarzystwa Urologicznego<\/a><\/div><div class=\"listing-item\"><a class=\"image\" href=\"https:\/\/odh.izba-lekarska.org.pl\/?p=1816\"><img decoding=\"async\" width=\"150\" height=\"150\" src=\"https:\/\/odh.izba-lekarska.org.pl\/wp-content\/uploads\/2023\/10\/nggallery_import\/6C1A2724-150x150.jpg\" class=\"attachment-thumbnail size-thumbnail wp-post-image\" alt=\"\" \/><\/a> <a class=\"title\" href=\"https:\/\/odh.izba-lekarska.org.pl\/?p=1816\">50. lat Polskiego Towarzystwa Urologicznego<\/a><\/div><div class=\"listing-item\"><a class=\"image\" href=\"https:\/\/odh.izba-lekarska.org.pl\/?p=1809\"><img decoding=\"async\" width=\"150\" height=\"150\" src=\"https:\/\/odh.izba-lekarska.org.pl\/wp-content\/uploads\/2023\/10\/nggallery_import\/6C1A2719-150x150.jpg\" class=\"attachment-thumbnail size-thumbnail wp-post-image\" alt=\"\" \/><\/a> <a class=\"title\" href=\"https:\/\/odh.izba-lekarska.org.pl\/?p=1809\">Zjazd Polskiego Towarzystwa Epidemiolog\u00f3w i Lekarzy Chor\u00f3b Zaka\u017anych, 1985 r.<\/a><\/div><div class=\"listing-item\"><a class=\"image\" href=\"https:\/\/odh.izba-lekarska.org.pl\/?p=1801\"><img decoding=\"async\" width=\"150\" height=\"150\" src=\"https:\/\/odh.izba-lekarska.org.pl\/wp-content\/uploads\/2023\/10\/nggallery_import\/6C1A2715-150x150.jpg\" class=\"attachment-thumbnail size-thumbnail wp-post-image\" alt=\"\" \/><\/a> <a class=\"title\" href=\"https:\/\/odh.izba-lekarska.org.pl\/?p=1801\">Zjazd Polskiego Towarzystwa Patolog\u00f3w, 1979 r.<\/a><\/div><div class=\"listing-item\"><a class=\"image\" href=\"https:\/\/odh.izba-lekarska.org.pl\/?p=1795\"><img decoding=\"async\" width=\"150\" height=\"150\" src=\"https:\/\/odh.izba-lekarska.org.pl\/wp-content\/uploads\/2023\/10\/nggallery_import\/6C1A2713-150x150.jpg\" class=\"attachment-thumbnail size-thumbnail wp-post-image\" alt=\"\" \/><\/a> <a class=\"title\" href=\"https:\/\/odh.izba-lekarska.org.pl\/?p=1795\">Neurofizjologia Kliniczna, 1985 r.<\/a><\/div><nav class=\"display-posts-pagination\" role=\"navigation\"><h2 class=\"screen-reader-text\">Navigation<\/h2><div class=\"nav-links\"><span aria-current=\"page\" class=\"page-numbers current\">1<\/span>\n<a class=\"page-numbers\" href=\"https:\/\/odh.izba-lekarska.org.pl\/?dps_paged_3=2&#038;rest_route=%2Fwp%2Fv2%2Fpages%2F1846\">2<\/a>\n<a class=\"next page-numbers\" href=\"https:\/\/odh.izba-lekarska.org.pl\/?dps_paged_3=2&#038;rest_route=%2Fwp%2Fv2%2Fpages%2F1846\">Next<\/a><\/div><\/nav><\/div>\n","protected":false},"excerpt":{"rendered":"","protected":false},"author":1,"featured_media":0,"parent":19,"menu_order":0,"comment_status":"closed","ping_status":"closed","template":"","meta":{"_monsterinsights_skip_tracking":false,"_monsterinsights_sitenote_active":false,"_monsterinsights_sitenote_note":"","_monsterinsights_sitenote_category":0,"ngg_post_thumbnail":0,"footnotes":""},"class_list":["post-1846","page","type-page","status-publish","hentry"],"aioseo_notices":[],"_links":{"self":[{"href":"https:\/\/odh.izba-lekarska.org.pl\/index.php?rest_route=\/wp\/v2\/pages\/1846","targetHints":{"allow":["GET"]}}],"collection":[{"href":"https:\/\/odh.izba-lekarska.org.pl\/index.php?rest_route=\/wp\/v2\/pages"}],"about":[{"href":"https:\/\/odh.izba-lekarska.org.pl\/index.php?rest_route=\/wp\/v2\/types\/page"}],"author":[{"embeddable":true,"href":"https:\/\/odh.izba-lekarska.org.pl\/index.php?rest_route=\/wp\/v2\/users\/1"}],"replies":[{"embeddable":true,"href":"https:\/\/odh.izba-lekarska.org.pl\/index.php?rest_route=%2Fwp%2Fv2%2Fcomments&post=1846"}],"version-history":[{"count":2,"href":"https:\/\/odh.izba-lekarska.org.pl\/index.php?rest_route=\/wp\/v2\/pages\/1846\/revisions"}],"predecessor-version":[{"id":1926,"href":"https:\/\/odh.izba-lekarska.org.pl\/index.php?rest_route=\/wp\/v2\/pages\/1846\/revisions\/1926"}],"up":[{"embeddable":true,"href":"https:\/\/odh.izba-lekarska.org.pl\/index.php?rest_route=\/wp\/v2\/pages\/19"}],"wp:attachment":[{"href":"https:\/\/odh.izba-lekarska.org.pl\/index.php?rest_route=%2Fwp%2Fv2%2Fmedia&parent=1846"}],"curies":[{"name":"wp","href":"https:\/\/api.w.org\/{rel}","templated":true}]}}