{"id":1838,"date":"2023-10-17T09:25:42","date_gmt":"2023-10-17T07:25:42","guid":{"rendered":"https:\/\/odh.izba-lekarska.org.pl\/?page_id=1838"},"modified":"2024-08-19T12:14:54","modified_gmt":"2024-08-19T10:14:54","slug":"medycyna-na-slasku","status":"publish","type":"page","link":"https:\/\/odh.izba-lekarska.org.pl\/?page_id=1838","title":{"rendered":"Medycyna na \u015al\u0105sku"},"content":{"rendered":"<div class=\"display-posts-listing image-left\"><div class=\"listing-item\"><a class=\"image\" href=\"https:\/\/odh.izba-lekarska.org.pl\/?p=1369\"><img decoding=\"async\" width=\"150\" height=\"150\" src=\"https:\/\/odh.izba-lekarska.org.pl\/wp-content\/uploads\/2023\/08\/nggallery_import\/6C1A2575-150x150.jpg\" class=\"attachment-thumbnail size-thumbnail wp-post-image\" alt=\"\" \/><\/a> <a class=\"title\" href=\"https:\/\/odh.izba-lekarska.org.pl\/?p=1369\">Centrum Leczenia Oparze\u0144 w Siemianowicach \u015al\u0105skich<\/a><\/div><div class=\"listing-item\"><a class=\"image\" href=\"https:\/\/odh.izba-lekarska.org.pl\/?p=1363\"><img decoding=\"async\" width=\"150\" height=\"150\" src=\"https:\/\/odh.izba-lekarska.org.pl\/wp-content\/uploads\/2023\/08\/nggallery_import\/6C1A2574-150x150.jpg\" class=\"attachment-thumbnail size-thumbnail wp-post-image\" alt=\"\" \/><\/a> <a class=\"title\" href=\"https:\/\/odh.izba-lekarska.org.pl\/?p=1363\">Szpital Psychiatryczny w Rybniku<\/a><\/div><div class=\"listing-item\"><a class=\"image\" href=\"https:\/\/odh.izba-lekarska.org.pl\/?p=1358\"><img decoding=\"async\" width=\"150\" height=\"150\" src=\"https:\/\/odh.izba-lekarska.org.pl\/wp-content\/uploads\/2023\/08\/nggallery_import\/6C1A2570-150x150.jpg\" class=\"attachment-thumbnail size-thumbnail wp-post-image\" alt=\"\" \/><\/a> <a class=\"title\" href=\"https:\/\/odh.izba-lekarska.org.pl\/?p=1358\">40 lat GCR Repty<\/a><\/div><div class=\"listing-item\"><a class=\"image\" href=\"https:\/\/odh.izba-lekarska.org.pl\/?p=1352\"><img decoding=\"async\" width=\"150\" height=\"150\" src=\"https:\/\/odh.izba-lekarska.org.pl\/wp-content\/uploads\/2023\/08\/nggallery_import\/6C1A2564-150x150.jpg\" class=\"attachment-thumbnail size-thumbnail wp-post-image\" alt=\"\" \/><\/a> <a class=\"title\" href=\"https:\/\/odh.izba-lekarska.org.pl\/?p=1352\">Wojew\u00f3dzki Szpital Chirurgii Urazowej                               w Piekarach \u015al\u0105skich<\/a><\/div><div class=\"listing-item\"><a class=\"image\" href=\"https:\/\/odh.izba-lekarska.org.pl\/?p=1347\"><img decoding=\"async\" width=\"150\" height=\"150\" src=\"https:\/\/odh.izba-lekarska.org.pl\/wp-content\/uploads\/2023\/08\/nggallery_import\/6C1A2569-150x150.jpg\" class=\"attachment-thumbnail size-thumbnail wp-post-image\" alt=\"\" \/><\/a> <a class=\"title\" href=\"https:\/\/odh.izba-lekarska.org.pl\/?p=1347\">Instytut Onkologii w Gliwicach<\/a><\/div><div class=\"listing-item\"><a class=\"image\" href=\"https:\/\/odh.izba-lekarska.org.pl\/?p=1341\"><img decoding=\"async\" width=\"150\" height=\"150\" src=\"https:\/\/odh.izba-lekarska.org.pl\/wp-content\/uploads\/2023\/08\/nggallery_import\/6C1A2566-150x150.jpg\" class=\"attachment-thumbnail size-thumbnail wp-post-image\" alt=\"\" \/><\/a> <a class=\"title\" href=\"https:\/\/odh.izba-lekarska.org.pl\/?p=1341\">Szpital dla Nerwowo i Psychicznie Chorych                     w Toszku<\/a><\/div><div class=\"listing-item\"><a class=\"image\" href=\"https:\/\/odh.izba-lekarska.org.pl\/?p=1335\"><img decoding=\"async\" width=\"150\" height=\"150\" src=\"https:\/\/odh.izba-lekarska.org.pl\/wp-content\/uploads\/2023\/08\/nggallery_import\/6C1A2567-150x150.jpg\" class=\"attachment-thumbnail size-thumbnail wp-post-image\" alt=\"\" \/><\/a> <a class=\"title\" href=\"https:\/\/odh.izba-lekarska.org.pl\/?p=1335\">Zak\u0142adowy O\u015brodek Rehabilitacji<\/a><\/div><div class=\"listing-item\"><a class=\"image\" href=\"https:\/\/odh.izba-lekarska.org.pl\/?p=1328\"><img decoding=\"async\" width=\"150\" height=\"150\" src=\"https:\/\/odh.izba-lekarska.org.pl\/wp-content\/uploads\/2023\/08\/nggallery_import\/6C1A2562-150x150.jpg\" class=\"attachment-thumbnail size-thumbnail wp-post-image\" alt=\"\" \/><\/a> <a class=\"title\" href=\"https:\/\/odh.izba-lekarska.org.pl\/?p=1328\">Szpital \u015al\u0105ski w Cieszynie<\/a><\/div><div class=\"listing-item\"><a class=\"image\" href=\"https:\/\/odh.izba-lekarska.org.pl\/?p=1321\"><img decoding=\"async\" width=\"150\" height=\"150\" src=\"https:\/\/odh.izba-lekarska.org.pl\/wp-content\/uploads\/2023\/08\/nggallery_import\/6C1A2577-150x150.jpg\" class=\"attachment-thumbnail size-thumbnail wp-post-image\" alt=\"\" \/><\/a> <a class=\"title\" href=\"https:\/\/odh.izba-lekarska.org.pl\/?p=1321\">Szpital Miejski nr 1 w Gliwicach<\/a><\/div><div class=\"listing-item\"><a class=\"image\" href=\"https:\/\/odh.izba-lekarska.org.pl\/?p=1315\"><img decoding=\"async\" width=\"150\" height=\"150\" src=\"https:\/\/odh.izba-lekarska.org.pl\/wp-content\/uploads\/2023\/08\/nggallery_import\/6C1A2579-150x150.jpg\" class=\"attachment-thumbnail size-thumbnail wp-post-image\" alt=\"\" \/><\/a> <a class=\"title\" href=\"https:\/\/odh.izba-lekarska.org.pl\/?p=1315\">Szpital Specjalistyczny MSW w G\u0142ucho\u0142azach<\/a><\/div><nav class=\"display-posts-pagination\" role=\"navigation\"><h2 class=\"screen-reader-text\">Navigation<\/h2><div class=\"nav-links\"><span aria-current=\"page\" class=\"page-numbers current\">1<\/span>\n<a class=\"page-numbers\" href=\"https:\/\/odh.izba-lekarska.org.pl\/?dps_paged_3=2&#038;rest_route=%2Fwp%2Fv2%2Fpages%2F1838\">2<\/a>\n<a class=\"page-numbers\" href=\"https:\/\/odh.izba-lekarska.org.pl\/?dps_paged_3=3&#038;rest_route=%2Fwp%2Fv2%2Fpages%2F1838\">3<\/a>\n<a class=\"page-numbers\" href=\"https:\/\/odh.izba-lekarska.org.pl\/?dps_paged_3=4&#038;rest_route=%2Fwp%2Fv2%2Fpages%2F1838\">4<\/a>\n<a class=\"next page-numbers\" href=\"https:\/\/odh.izba-lekarska.org.pl\/?dps_paged_3=2&#038;rest_route=%2Fwp%2Fv2%2Fpages%2F1838\">Next<\/a><\/div><\/nav><\/div>\n","protected":false},"excerpt":{"rendered":"","protected":false},"author":1,"featured_media":0,"parent":19,"menu_order":0,"comment_status":"closed","ping_status":"closed","template":"","meta":{"_monsterinsights_skip_tracking":false,"_monsterinsights_sitenote_active":false,"_monsterinsights_sitenote_note":"","_monsterinsights_sitenote_category":0,"ngg_post_thumbnail":0,"footnotes":""},"class_list":["post-1838","page","type-page","status-publish","hentry"],"aioseo_notices":[],"_links":{"self":[{"href":"https:\/\/odh.izba-lekarska.org.pl\/index.php?rest_route=\/wp\/v2\/pages\/1838","targetHints":{"allow":["GET"]}}],"collection":[{"href":"https:\/\/odh.izba-lekarska.org.pl\/index.php?rest_route=\/wp\/v2\/pages"}],"about":[{"href":"https:\/\/odh.izba-lekarska.org.pl\/index.php?rest_route=\/wp\/v2\/types\/page"}],"author":[{"embeddable":true,"href":"https:\/\/odh.izba-lekarska.org.pl\/index.php?rest_route=\/wp\/v2\/users\/1"}],"replies":[{"embeddable":true,"href":"https:\/\/odh.izba-lekarska.org.pl\/index.php?rest_route=%2Fwp%2Fv2%2Fcomments&post=1838"}],"version-history":[{"count":2,"href":"https:\/\/odh.izba-lekarska.org.pl\/index.php?rest_route=\/wp\/v2\/pages\/1838\/revisions"}],"predecessor-version":[{"id":1920,"href":"https:\/\/odh.izba-lekarska.org.pl\/index.php?rest_route=\/wp\/v2\/pages\/1838\/revisions\/1920"}],"up":[{"embeddable":true,"href":"https:\/\/odh.izba-lekarska.org.pl\/index.php?rest_route=\/wp\/v2\/pages\/19"}],"wp:attachment":[{"href":"https:\/\/odh.izba-lekarska.org.pl\/index.php?rest_route=%2Fwp%2Fv2%2Fmedia&parent=1838"}],"curies":[{"name":"wp","href":"https:\/\/api.w.org\/{rel}","templated":true}]}}