{"id":1836,"date":"2023-10-17T09:25:25","date_gmt":"2023-10-17T07:25:25","guid":{"rendered":"https:\/\/odh.izba-lekarska.org.pl\/?page_id=1836"},"modified":"2023-10-17T10:04:58","modified_gmt":"2023-10-17T08:04:58","slug":"akademie-medyczne-szkoly-medyczne","status":"publish","type":"page","link":"https:\/\/odh.izba-lekarska.org.pl\/?page_id=1836","title":{"rendered":"Akademie medyczne, szko\u0142y medyczne"},"content":{"rendered":"<div class=\"display-posts-listing image-left\"><div class=\"listing-item\"><a class=\"image\" href=\"https:\/\/odh.izba-lekarska.org.pl\/?p=1280\"><img decoding=\"async\" width=\"150\" height=\"150\" src=\"https:\/\/odh.izba-lekarska.org.pl\/wp-content\/uploads\/2023\/08\/nggallery_import\/6C1A2593-150x150.jpg\" class=\"attachment-thumbnail size-thumbnail wp-post-image\" alt=\"\" \/><\/a> <a class=\"title\" href=\"https:\/\/odh.izba-lekarska.org.pl\/?p=1280\">Zesp\u00f3\u0142 Szk\u00f3\u0142 Medycznych im. T. Cha\u0142ubi\u0144skiego w My\u015blenicach<\/a><\/div><div class=\"listing-item\"><a class=\"image\" href=\"https:\/\/odh.izba-lekarska.org.pl\/?p=1272\"><img decoding=\"async\" width=\"150\" height=\"150\" src=\"https:\/\/odh.izba-lekarska.org.pl\/wp-content\/uploads\/2023\/08\/nggallery_import\/6C1A2595-150x150.jpg\" class=\"attachment-thumbnail size-thumbnail wp-post-image\" alt=\"\" \/><\/a> <a class=\"title\" href=\"https:\/\/odh.izba-lekarska.org.pl\/?p=1272\">Medyczne Studium Zawodowe w Gliwicach<\/a><\/div><div class=\"listing-item\"><a class=\"image\" href=\"https:\/\/odh.izba-lekarska.org.pl\/?p=1266\"><img decoding=\"async\" width=\"150\" height=\"150\" src=\"https:\/\/odh.izba-lekarska.org.pl\/wp-content\/uploads\/2023\/08\/nggallery_import\/6C1A2597-150x150.jpg\" class=\"attachment-thumbnail size-thumbnail wp-post-image\" alt=\"\" \/><\/a> <a class=\"title\" href=\"https:\/\/odh.izba-lekarska.org.pl\/?p=1266\">\u015al\u0105ska Akademia Medyczna, 1988 r.<\/a><\/div><div class=\"listing-item\"><a class=\"image\" href=\"https:\/\/odh.izba-lekarska.org.pl\/?p=1258\"><img decoding=\"async\" width=\"150\" height=\"150\" src=\"https:\/\/odh.izba-lekarska.org.pl\/wp-content\/uploads\/2023\/08\/nggallery_import\/6C1A2600-150x150.jpg\" class=\"attachment-thumbnail size-thumbnail wp-post-image\" alt=\"\" \/><\/a> <a class=\"title\" href=\"https:\/\/odh.izba-lekarska.org.pl\/?p=1258\">XXX lecie \u015al\u0105skiej Akademii Medycznej, 1978 r.<\/a><\/div><div class=\"listing-item\"><a class=\"image\" href=\"https:\/\/odh.izba-lekarska.org.pl\/?p=1252\"><img decoding=\"async\" width=\"150\" height=\"150\" src=\"https:\/\/odh.izba-lekarska.org.pl\/wp-content\/uploads\/2023\/08\/nggallery_import\/6C1A2602-150x150.jpg\" class=\"attachment-thumbnail size-thumbnail wp-post-image\" alt=\"\" \/><\/a> <a class=\"title\" href=\"https:\/\/odh.izba-lekarska.org.pl\/?p=1252\">\u015al\u0105ska Akademia Medyczna, Wydzia\u0142 Farmaceutyczny<\/a><\/div><div class=\"listing-item\"><a class=\"image\" href=\"https:\/\/odh.izba-lekarska.org.pl\/?p=1245\"><img decoding=\"async\" width=\"150\" height=\"150\" src=\"https:\/\/odh.izba-lekarska.org.pl\/wp-content\/uploads\/2023\/08\/nggallery_import\/6C1A2605-150x150.jpg\" class=\"attachment-thumbnail size-thumbnail wp-post-image\" alt=\"\" \/><\/a> <a class=\"title\" href=\"https:\/\/odh.izba-lekarska.org.pl\/?p=1245\">XXX lecie \u015al\u0105skiej Akademii Medycznej<\/a><\/div><div class=\"listing-item\"><a class=\"image\" href=\"https:\/\/odh.izba-lekarska.org.pl\/?p=1239\"><img decoding=\"async\" width=\"150\" height=\"150\" src=\"https:\/\/odh.izba-lekarska.org.pl\/wp-content\/uploads\/2023\/08\/nggallery_import\/6C1A2606-150x150.jpg\" class=\"attachment-thumbnail size-thumbnail wp-post-image\" alt=\"\" \/><\/a> <a class=\"title\" href=\"https:\/\/odh.izba-lekarska.org.pl\/?p=1239\">\u015al\u0105ska Akademia Medyczna<\/a><\/div><div class=\"listing-item\"><a class=\"image\" href=\"https:\/\/odh.izba-lekarska.org.pl\/?p=1229\"><img decoding=\"async\" width=\"150\" height=\"150\" src=\"https:\/\/odh.izba-lekarska.org.pl\/wp-content\/uploads\/2023\/08\/nggallery_import\/6C1A2610-150x150.jpg\" class=\"attachment-thumbnail size-thumbnail wp-post-image\" alt=\"\" \/><\/a> <a class=\"title\" href=\"https:\/\/odh.izba-lekarska.org.pl\/?p=1229\">Studium Wojskowe \u015al\u0105skiej Akademii Medycznej<\/a><\/div><div class=\"listing-item\"><a class=\"image\" href=\"https:\/\/odh.izba-lekarska.org.pl\/?p=1033\"><img decoding=\"async\" width=\"150\" height=\"150\" src=\"https:\/\/odh.izba-lekarska.org.pl\/wp-content\/uploads\/2023\/07\/nggallery_import\/6C1A2499-150x150.jpg\" class=\"attachment-thumbnail size-thumbnail wp-post-image\" alt=\"\" \/><\/a> <a class=\"title\" href=\"https:\/\/odh.izba-lekarska.org.pl\/?p=1033\">Zjazd Kole\u017ce\u0144ski Wroc\u0142awska Akademia Medyczna, 1981 r.<\/a><\/div><div class=\"listing-item\"><a class=\"image\" href=\"https:\/\/odh.izba-lekarska.org.pl\/?p=1028\"><img decoding=\"async\" width=\"150\" height=\"150\" src=\"https:\/\/odh.izba-lekarska.org.pl\/wp-content\/uploads\/2023\/07\/nggallery_import\/6C1A2498-150x150.jpg\" class=\"attachment-thumbnail size-thumbnail wp-post-image\" alt=\"\" \/><\/a> <a class=\"title\" href=\"https:\/\/odh.izba-lekarska.org.pl\/?p=1028\">25 lecie Absolwent\u00f3w AM w Poznaniu, 1976 r.<\/a><\/div><nav class=\"display-posts-pagination\" role=\"navigation\"><h2 class=\"screen-reader-text\">Navigation<\/h2><div class=\"nav-links\"><span aria-current=\"page\" class=\"page-numbers current\">1<\/span>\n<a class=\"page-numbers\" href=\"https:\/\/odh.izba-lekarska.org.pl\/?dps_paged_3=2&#038;rest_route=%2Fwp%2Fv2%2Fpages%2F1836\">2<\/a>\n<a class=\"page-numbers\" href=\"https:\/\/odh.izba-lekarska.org.pl\/?dps_paged_3=3&#038;rest_route=%2Fwp%2Fv2%2Fpages%2F1836\">3<\/a>\n<a class=\"page-numbers\" href=\"https:\/\/odh.izba-lekarska.org.pl\/?dps_paged_3=4&#038;rest_route=%2Fwp%2Fv2%2Fpages%2F1836\">4<\/a>\n<a class=\"next page-numbers\" href=\"https:\/\/odh.izba-lekarska.org.pl\/?dps_paged_3=2&#038;rest_route=%2Fwp%2Fv2%2Fpages%2F1836\">Next<\/a><\/div><\/nav><\/div>\n","protected":false},"excerpt":{"rendered":"","protected":false},"author":1,"featured_media":0,"parent":19,"menu_order":0,"comment_status":"closed","ping_status":"closed","template":"","meta":{"_monsterinsights_skip_tracking":false,"_monsterinsights_sitenote_active":false,"_monsterinsights_sitenote_note":"","_monsterinsights_sitenote_category":0,"ngg_post_thumbnail":0,"footnotes":""},"class_list":["post-1836","page","type-page","status-publish","hentry"],"aioseo_notices":[],"_links":{"self":[{"href":"https:\/\/odh.izba-lekarska.org.pl\/index.php?rest_route=\/wp\/v2\/pages\/1836","targetHints":{"allow":["GET"]}}],"collection":[{"href":"https:\/\/odh.izba-lekarska.org.pl\/index.php?rest_route=\/wp\/v2\/pages"}],"about":[{"href":"https:\/\/odh.izba-lekarska.org.pl\/index.php?rest_route=\/wp\/v2\/types\/page"}],"author":[{"embeddable":true,"href":"https:\/\/odh.izba-lekarska.org.pl\/index.php?rest_route=\/wp\/v2\/users\/1"}],"replies":[{"embeddable":true,"href":"https:\/\/odh.izba-lekarska.org.pl\/index.php?rest_route=%2Fwp%2Fv2%2Fcomments&post=1836"}],"version-history":[{"count":2,"href":"https:\/\/odh.izba-lekarska.org.pl\/index.php?rest_route=\/wp\/v2\/pages\/1836\/revisions"}],"predecessor-version":[{"id":1915,"href":"https:\/\/odh.izba-lekarska.org.pl\/index.php?rest_route=\/wp\/v2\/pages\/1836\/revisions\/1915"}],"up":[{"embeddable":true,"href":"https:\/\/odh.izba-lekarska.org.pl\/index.php?rest_route=\/wp\/v2\/pages\/19"}],"wp:attachment":[{"href":"https:\/\/odh.izba-lekarska.org.pl\/index.php?rest_route=%2Fwp%2Fv2%2Fmedia&parent=1836"}],"curies":[{"name":"wp","href":"https:\/\/api.w.org\/{rel}","templated":true}]}}